{"id":115,"date":"2021-07-27T02:54:35","date_gmt":"2021-07-27T02:54:35","guid":{"rendered":"https:\/\/krakowskieneony.pl\/?page_id=115"},"modified":"2021-12-11T14:57:57","modified_gmt":"2021-12-11T14:57:57","slug":"historie-o-neonach","status":"publish","type":"page","link":"https:\/\/krakowskieneony.pl\/index.php\/historie-o-neonach\/","title":{"rendered":"Historie i opracowania"},"content":{"rendered":"\n<p>Krakowkie neony jak zjawisko z pogranicza in\u017cynierii, marketingu, historii sztuki, ma\u0142ej architektury i punktu orienacyjnegow miejskiej przestrzenii nie doczeka\u0142y si\u0119 do dzi\u015b syntetycznego opracowania. W krakowskiej prasie mo\u017cna odszuka\u0107 kikkadziesi\u0105 artyku\u0142\u00f3w kt\u00f3re mia\u0142y by charakter nieco g\u0142\u0119bszy ni\u017c &#8222;newsowy&#8221; tym niemniej tre\u015bci w nich rzadko s\u0105 pog\u0142\u0119bione i konkretne, brakuje liczb, dat, autor\u00f3w projet\u00f3w, wykonawc\u00f3w. Brakuje te\u017c archiw\u00f3w, cho\u0107by prywatnych, kt\u00f3re by dostarczy\u0142y tych konkret\u00f3w, a tak\u017ce brakuje ju\u017c z przyczyn biologicznych wykonawc\u00f3w tych neon\u00f3w. O ile nie znajd\u0105 si\u0119 w trakcie profesjonalnych kwerend jakie\u015b materia\u0142y archiwalne (np. egzemplarze projekt\u00f3w neon\u00f3w, kt\u00f3re podlega\u0142y urz\u0119dowym procedurom akceptacji) to te braki w znacznej mierze s\u0105 ju\u017c nie do wype\u0142nienia.<\/p>\n\n\n\n<p>Pod koniec lat 60. XX wieku w Krakowie zamontowanych by\u0142o ok. 350 neon\u00f3w. Ich liczba lawino wzros\u0142a w latach 70. w trakcie centralnego planu tzw. &#8222;neonizacji&#8221; miasta. Bior\u0105c pod uwag\u0119, \u017ce do\u015b\u0107 cz\u0119sto nowy neon zast\u0119powa\u0142 w danym miejscu jaki\u015b starszy, ca\u0142kiem mo\u017cliwe, \u017ce w Krakowie w latch 60.-70. zamontowanych zosta\u0142o nawet tysi\u0105c neon\u00f3w. Z tej liczby, uda\u0142o si\u0119 dot\u0105d w zadawalajacy spos\u00f3b zdokumentowa\u0107 odszukan\u0105 ikonografi\u0105 (do tego czarno-bia\u0142\u0105, fotografie kolorowe to raptem kilka % og\u00f3\u0142u) zaledwie ok. 200 neon\u00f3w. Liczby te s\u0105 ilustracj\u0105 stan naszej wiedzy (a og\u00f3lnej masie &#8211; niewiedzy) o krakowskich neonach. <\/p>\n\n\n\n<p><strong><a href=\"https:\/\/krakowskieneony.pl\/index.php\/historie\/2\/\">Perypetie neonu &#8222;Ksi\u0119garnia&#8221; z ul. Kalwaryjskiej<\/a><\/strong> <\/p>\n\n\n\n<p><strong><a href=\"https:\/\/krakowskieneony.pl\/index.php\/historie\/3\/\">Neon &#8222;Restauracja Jubilatka&#8221; &#8211; perspektywa konserwatorska<\/a><\/strong><\/p>\n\n\n\n<!--nextpage-->\n\n\n\n<p><\/p>\n\n\n\n<h2 class=\"has-text-align-center wp-block-heading\">    <strong>Perypetie neonu &#8222;Ksi\u0119garnia&#8221; z ul. Kalwaryjskiej<\/strong><\/h2>\n\n\n\n<p>   Perypetiami neonu &#8222;Ksi\u0119garnia&#8221; z Kalwaryjskiej interesowa\u0142y si\u0119 <a href=\"https:\/\/krakow.wyborcza.pl\/krakow\/7,44425,24626557,warawsko-krakowska-awantura-o-neon-ksiegarni-z-ul-kalwaryjskiej.html?disableRedirects=true\" target=\"_blank\" rel=\"noreferrer noopener\">krakowskie media &#8222;drukowane&#8221;<\/a>, portale internetowe i media spo\u0142eczno\u015bciowe. <\/p>\n\n\n\n<p>   Neon z ul. Kalwaryjskiej pojawi\u0142 si\u0119 na elewacji kultowej, ale niestety nieistniej\u0105cej ju\u017c ksi\u0119garni gdzie\u015b w okolicach prze\u0142omu lat 60.\/70. ubieg\u0142ego wieku. By\u0142 jednym z dzie\u0142 szerszego projektu tzw. &#8222;neonizacji&#8221; Krakowa. W tym samym mniej wi\u0119cej czasie powsta\u0142o przy ul. Kalwaryjskiej i w bezpo\u015brednim s\u0105siedztwie, w centrum &#8222;Starego&#8221; Podg\u00f3rza wiele innych neon\u00f3w. <\/p>\n\n\n\n<p>   Neon &#8222;Ksi\u0119garnia&#8221; nie jest ani du\u017cy, ani o jaki\u015b wybitnych walorach artystycznych, ale uporem swojego trwania przez kilka dekad trwale wpisa\u0142 si\u0119 w pejza\u017c, i to by\u0142a jego warto\u015b\u0107 sama w sobie. Neon ten, jak si\u0119 okaza\u0142o, w kt\u00f3rym\u015b momencie swojej historii, zosta\u0142 przemalowany, no i oczywi\u015bcie od d\u0142u\u017cszego czasu by\u0142 ju\u017c w stanie &#8222;nie\u015bwiec\u0105cym&#8221;, choc z zachowanymy niekt\u00f3rymi oryginalnymi rurkami neonowymi. <\/p>\n\n\n\n<p>   Oko\u0142o 2015 roku Stowarzyszenie <a href=\"https:\/\/www.facebook.com\/podgorze\/?__cft__[0]=AZXn4FbYCEuUFqisI4TWiovQojfX7eu2-vsSWppG2HQQ8XO1BLMKVEuco5hfYhPMWA0PSoPiOkDT0O3S1M1ZJdjqOtsHeyAAzdEd_3GMQ5EmOElH17bXEzrh38sbF6Jw_A49S2kTE7JQk7SD5U50HURLu24KOcsn_XlT89cEpYNZg-oFlDF0SyjMTLeJ9lJUwJU&amp;__tn__=kK-R\" target=\"_blank\" rel=\"noopener\">Podg\u00f3rze, Krak\u00f3w<\/a> podj\u0119\u0142o pr\u00f3b\u0119 przywr\u00f3cenia neonu do \u017cycia. Sprawa by\u0142a ju\u017c na do\u015b\u0107 zaawansowanym etapie, <a href=\"https:\/\/www.facebook.com\/Zarz%C4%85d-Budynk%C3%B3w-Komunalnych-w-Krakowie-147581732444534\/?__cft__[0]=AZXn4FbYCEuUFqisI4TWiovQojfX7eu2-vsSWppG2HQQ8XO1BLMKVEuco5hfYhPMWA0PSoPiOkDT0O3S1M1ZJdjqOtsHeyAAzdEd_3GMQ5EmOElH17bXEzrh38sbF6Jw_A49S2kTE7JQk7SD5U50HURLu24KOcsn_XlT89cEpYNZg-oFlDF0SyjMTLeJ9lJUwJU&amp;__tn__=kK-R\" target=\"_blank\" rel=\"noopener\">Zarz\u0105d Budynk\u00f3w Komunalnych w Krakowie<\/a>, kt\u00f3ry w tej kamienicy jest wsp\u00f3\u0142w\u0142a\u015bcicielem, zaoferowa\u0142 pomoc organizacyjn\u0105 w pozyskaniu wszelkich zg\u00f3d, by\u0142 ju\u017c opracowany plan &#8222;techniczny&#8221; i schemat pozyskania funduszy. Niestety, sprawa rozbi\u0142a si\u0119 o pozosta\u0142ych wsp\u00f3\u0142w\u0142a\u015bcicieli, z kt\u00f3rymi kontakt by\u0142 bardzo utrudniony, a kt\u00f3rzy ostatecznie nie wyrazili zainteresowania, i nie poparli projektu. Wi\u0119c wszystko zosta\u0142o po staremu, neon pozosta\u0142 na elewacji w charakterze zniszczonego i zakurzonego mebla <img decoding=\"async\" alt=\"\ud83d\ude15\" src=\"https:\/\/www.facebook.com\/images\/emoji.php\/v9\/t4b\/1.5\/16\/1f615.png\" width=\"16\" height=\"16\" title=\"\"><\/p>\n\n\n\n<p>   I w takim stanie neon trwa\u0142, do roku 2019 gdy nagle z elewacji po prostu znikn\u0105\u0142! Na szcz\u0119\u015bcie moment jego demonta\u017cu nie umkn\u0105\u0142 uwadze mi\u0142o\u015bnikom Podg\u00f3rza, napr\u0119dki demonta\u017c zdokumentowali fotograficznie, a nast\u0119pnie podj\u0119li &#8222;\u015bledztwo&#8221;. Przebieg w\u0105tku &#8222;kryminalnego&#8221; <img decoding=\"async\" alt=\"\ud83d\ude09\" src=\"https:\/\/www.facebook.com\/images\/emoji.php\/v9\/tb0\/1.5\/16\/1f609.png\" width=\"16\" height=\"16\" title=\"\"> jest \u0142atwy do wygooglowania, wi\u0119c ju\u017c go pomin\u0119, do\u015b\u0107 powiedzie\u0107, \u017ce neon trafi\u0142 do Warszawy. W ka\u017cdym razie, po zaanga\u017cowaniu si\u0119 w spraw\u0119 <a href=\"https:\/\/www.facebook.com\/muzeumkrakowa\/?__cft__[0]=AZXn4FbYCEuUFqisI4TWiovQojfX7eu2-vsSWppG2HQQ8XO1BLMKVEuco5hfYhPMWA0PSoPiOkDT0O3S1M1ZJdjqOtsHeyAAzdEd_3GMQ5EmOElH17bXEzrh38sbF6Jw_A49S2kTE7JQk7SD5U50HURLu24KOcsn_XlT89cEpYNZg-oFlDF0SyjMTLeJ9lJUwJU&amp;__tn__=kK-R\" target=\"_blank\" rel=\"noopener\">Muzeum Krakowa<\/a> neon &#8222;Ksi\u0119garnia&#8221; wr\u00f3ci\u0142 do Krakowa, a konkretnie do <a href=\"https:\/\/muzeumkrakowa.pl\/oddzialy\/muzeum-podgorza\" target=\"_blank\" rel=\"noreferrer noopener\">Muzeum Podg\u00f3rza<\/a>, i zosta\u0142 poddany renowacji konserwatorskiej, a dok\u0142adniej &#8211; jej <a href=\"https:\/\/lovekrakow.pl\/aktualnosci\/na-poczatek-litera-i-neon-ksiegarnia-zyskuje-dawny-blask-zdjecia_33735.html\" target=\"_blank\" rel=\"noopener\">pierwszemu etapowi<\/a>, pojegaj\u0105cemu na naprawie metalowych liter 3D zniszczonych mocno w czasie napr\u0119dkiego demonta\u017cu. W czasie konserwacji ujawnione zosta\u0142y te\u017c pierwotne warstwy lakiernicze, dzi\u0119ki czemu mo\u017cna by\u0142o litery zosta\u0142y oryginaln\u0105 kolorystyke z lat 70. XX wieku.  <\/p>\n\n\n\n<p>   I teraz do szcz\u0119\u015bcia brakuje ju\u017c tylko wykonania rurek neonowych i monta\u017c ca\u0142o\u015bci w jednej ze sal ekspozycyjnych Muzeum Podg\u00f3rza. Ten etap konserwacji przeidzany jest na lato-jesie\u0144 2021 roku.<\/p>\n\n\n\n<figure class=\"wp-block-gallery columns-3 is-cropped wp-block-gallery-1 is-layout-flex wp-block-gallery-is-layout-flex\"><ul class=\"blocks-gallery-grid\"><li class=\"blocks-gallery-item\"><figure><img fetchpriority=\"high\" decoding=\"async\" width=\"1000\" height=\"656\" src=\"https:\/\/krakowskieneony.pl\/wp-content\/uploads\/2021\/07\/Ksiegarnia_2-1.jpeg\" alt=\"Krakowskie neony\" data-id=\"197\" data-full-url=\"https:\/\/krakowskieneony.pl\/wp-content\/uploads\/2021\/07\/Ksiegarnia_2-1.jpeg\" data-link=\"https:\/\/krakowskieneony.pl\/index.php\/historie\/ksiegarnia_2-1\/\" class=\"wp-image-197\" title=\"\" srcset=\"https:\/\/krakowskieneony.pl\/wp-content\/uploads\/2021\/07\/Ksiegarnia_2-1.jpeg 1000w, https:\/\/krakowskieneony.pl\/wp-content\/uploads\/2021\/07\/Ksiegarnia_2-1-300x197.jpeg 300w, https:\/\/krakowskieneony.pl\/wp-content\/uploads\/2021\/07\/Ksiegarnia_2-1-768x504.jpeg 768w\" sizes=\"(max-width: 1000px) 100vw, 1000px\" \/><\/figure><\/li><li class=\"blocks-gallery-item\"><figure><img loading=\"lazy\" decoding=\"async\" width=\"1024\" height=\"663\" src=\"https:\/\/krakowskieneony.pl\/wp-content\/uploads\/2021\/07\/ksiegarnia_3-1-1024x663.jpeg\" alt=\"Krakowskie neony\" data-id=\"198\" data-full-url=\"https:\/\/krakowskieneony.pl\/wp-content\/uploads\/2021\/07\/ksiegarnia_3-1.jpeg\" data-link=\"https:\/\/krakowskieneony.pl\/index.php\/historie\/ksiegarnia_3-1\/\" class=\"wp-image-198\" title=\"\" srcset=\"https:\/\/krakowskieneony.pl\/wp-content\/uploads\/2021\/07\/ksiegarnia_3-1-1024x663.jpeg 1024w, https:\/\/krakowskieneony.pl\/wp-content\/uploads\/2021\/07\/ksiegarnia_3-1-300x194.jpeg 300w, https:\/\/krakowskieneony.pl\/wp-content\/uploads\/2021\/07\/ksiegarnia_3-1-768x498.jpeg 768w, https:\/\/krakowskieneony.pl\/wp-content\/uploads\/2021\/07\/ksiegarnia_3-1.jpeg 1224w\" sizes=\"(max-width: 1024px) 100vw, 1024px\" \/><\/figure><\/li><li class=\"blocks-gallery-item\"><figure><img loading=\"lazy\" decoding=\"async\" width=\"1000\" height=\"667\" src=\"https:\/\/krakowskieneony.pl\/wp-content\/uploads\/2021\/07\/ksiegarnia_4.jpeg\" alt=\"Krakowskie neony\" data-id=\"199\" data-full-url=\"https:\/\/krakowskieneony.pl\/wp-content\/uploads\/2021\/07\/ksiegarnia_4.jpeg\" data-link=\"https:\/\/krakowskieneony.pl\/index.php\/historie\/ksiegarnia_4\/\" class=\"wp-image-199\" title=\"\" srcset=\"https:\/\/krakowskieneony.pl\/wp-content\/uploads\/2021\/07\/ksiegarnia_4.jpeg 1000w, https:\/\/krakowskieneony.pl\/wp-content\/uploads\/2021\/07\/ksiegarnia_4-300x200.jpeg 300w, https:\/\/krakowskieneony.pl\/wp-content\/uploads\/2021\/07\/ksiegarnia_4-768x512.jpeg 768w\" sizes=\"(max-width: 1000px) 100vw, 1000px\" \/><\/figure><\/li><\/ul><\/figure>\n\n\n\n<p><a href=\"https:\/\/www.facebook.com\/hashtag\/neonypodg%C3%B3rza?__eep__=6&amp;__cft__[0]=AZXn4FbYCEuUFqisI4TWiovQojfX7eu2-vsSWppG2HQQ8XO1BLMKVEuco5hfYhPMWA0PSoPiOkDT0O3S1M1ZJdjqOtsHeyAAzdEd_3GMQ5EmOElH17bXEzrh38sbF6Jw_A49S2kTE7JQk7SD5U50HURLu24KOcsn_XlT89cEpYNZg-oFlDF0SyjMTLeJ9lJUwJU&amp;__tn__=*NK-R\" target=\"_blank\" rel=\"noopener\">#NeonyPodg\u00f3rza<\/a><a href=\"https:\/\/www.facebook.com\/hashtag\/ksi%C4%99garnia?__eep__=6&amp;__cft__[0]=AZXn4FbYCEuUFqisI4TWiovQojfX7eu2-vsSWppG2HQQ8XO1BLMKVEuco5hfYhPMWA0PSoPiOkDT0O3S1M1ZJdjqOtsHeyAAzdEd_3GMQ5EmOElH17bXEzrh38sbF6Jw_A49S2kTE7JQk7SD5U50HURLu24KOcsn_XlT89cEpYNZg-oFlDF0SyjMTLeJ9lJUwJU&amp;__tn__=*NK-R\" target=\"_blank\" rel=\"noopener\"> #Ksi\u0119garnia<\/a><\/p>\n\n\n\n<!--nextpage-->\n\n\n\n<p class=\"has-text-align-center\"><\/p>\n\n\n\n<h2 class=\"has-text-align-center wp-block-heading\"> <strong>Neon &#8222;Restauracja Jubilatka&#8221;: historia i perspektywa konserwatorska<\/strong> <\/h2>\n\n\n\n<figure class=\"wp-block-gallery columns-2 is-cropped wp-block-gallery-2 is-layout-flex wp-block-gallery-is-layout-flex\"><ul class=\"blocks-gallery-grid\"><li class=\"blocks-gallery-item\"><figure><img loading=\"lazy\" decoding=\"async\" width=\"1024\" height=\"574\" src=\"https:\/\/krakowskieneony.pl\/wp-content\/uploads\/2021\/08\/IMAG5089-1024x574.jpg\" alt=\"Krakowskie neony\" data-id=\"229\" data-full-url=\"https:\/\/krakowskieneony.pl\/wp-content\/uploads\/2021\/08\/IMAG5089-scaled.jpg\" data-link=\"https:\/\/krakowskieneony.pl\/index.php\/historie\/imag5089\/\" class=\"wp-image-229\" title=\"\" srcset=\"https:\/\/krakowskieneony.pl\/wp-content\/uploads\/2021\/08\/IMAG5089-1024x574.jpg 1024w, https:\/\/krakowskieneony.pl\/wp-content\/uploads\/2021\/08\/IMAG5089-300x168.jpg 300w, https:\/\/krakowskieneony.pl\/wp-content\/uploads\/2021\/08\/IMAG5089-768x431.jpg 768w, https:\/\/krakowskieneony.pl\/wp-content\/uploads\/2021\/08\/IMAG5089-1536x861.jpg 1536w, https:\/\/krakowskieneony.pl\/wp-content\/uploads\/2021\/08\/IMAG5089-2048x1148.jpg 2048w\" sizes=\"(max-width: 1024px) 100vw, 1024px\" \/><\/figure><\/li><li class=\"blocks-gallery-item\"><figure><img loading=\"lazy\" decoding=\"async\" width=\"1024\" height=\"574\" src=\"https:\/\/krakowskieneony.pl\/wp-content\/uploads\/2021\/08\/IMAG5143-1024x574.jpg\" alt=\"Krakowskie neony\" data-id=\"230\" data-full-url=\"https:\/\/krakowskieneony.pl\/wp-content\/uploads\/2021\/08\/IMAG5143-scaled.jpg\" data-link=\"https:\/\/krakowskieneony.pl\/index.php\/historie\/imag5143\/\" class=\"wp-image-230\" title=\"\" srcset=\"https:\/\/krakowskieneony.pl\/wp-content\/uploads\/2021\/08\/IMAG5143-1024x574.jpg 1024w, https:\/\/krakowskieneony.pl\/wp-content\/uploads\/2021\/08\/IMAG5143-300x168.jpg 300w, https:\/\/krakowskieneony.pl\/wp-content\/uploads\/2021\/08\/IMAG5143-768x431.jpg 768w, https:\/\/krakowskieneony.pl\/wp-content\/uploads\/2021\/08\/IMAG5143-1536x861.jpg 1536w, https:\/\/krakowskieneony.pl\/wp-content\/uploads\/2021\/08\/IMAG5143-2048x1148.jpg 2048w\" sizes=\"(max-width: 1024px) 100vw, 1024px\" \/><\/figure><\/li><\/ul><\/figure>\n\n\n\n<p><strong>Historia powstania neonu, technologia wykonania<\/strong><\/p>\n\n\n\n<p>Zesp\u00f3\u0142 dw\u00f3ch napis\u00f3w neonowych \u201cRESTAURACJA JUBILATKA\u201d zamontowany jest na dachu jednokondygnacyjnego pawilonu handlowo-us\u0142ugowego zlokalizowanego na os. Teatralnym 11 w Krakowie (dzielnica Nowa Huta) &#8211; Ryc. 1. Stanowi\u0142 on identyfikacj\u0119 wizualn\u0105 znajduj\u0105cej si\u0119 tam niegdy\u015b restauracji, a tak\u017ce by\u0142y elementem wi\u0119kszego zamys\u0142u urz\u0105dzania przestrzeni publicznej czyli dzie\u0142a tzw. \u201cneonizacji Nowej Huty\u201d. W istocie w warunkach gospodarki nakazowo-rozdzielczej, jaka wtedy w Polsce obowi\u0105zywa\u0142a, trudno neonom przypisa\u0107 rol\u0119 reklamow\u0105. By\u0142y one przede wszystkim elementem, kt\u00f3ry mia\u0142 ozdobi\u0107 przestrze\u0144 miejsk\u0105, doda\u0107 jej posmak \u201cwielkiego \u015bwiata\u201d, dobrobytu.&nbsp;<\/p>\n\n\n\n<p>Wg relacji ustnych restauracja \u201cJubilatka\u201d posiada\u0142a jeszcze jeden neon umiejscowiony na naro\u017cu tej samej kamienicy. Mia\u0142 on posta\u0107 dwustronnego pionowego napisu RESTAURACJA, zajmuj\u0105cego wysoko\u015b\u0107 dw\u00f3ch kondygnacji (budowa analogiczna do zachowanego neonu z epoki &#8211; FILATELISTYKA).<\/p>\n\n\n\n<p>Neon zaprojektowany autorskimi czcionkami (fontami) charakterystycznymi dla wzornictwa i stylu projektowego lat 60. XX wieku. Napis \u201crestauracja\u201d to czcionka geometryczna, bezszeryfowa, o charakterystycznych uwypukleniach zewn\u0119trznych linii poziomych, rozci\u0105gni\u0119ta horyzontalnie. Napis \u201cJubilatka\u201d to stylizowana czcionka szeryfowa, z \u0142adnie opracowanym inicja\u0142em litery \u201cJ\u201d&nbsp; oraz pomys\u0142owo opracowan\u0105 liter\u0105 \u201cK\u201d zachodz\u0105c\u0105 dolnym elementem na nast\u0119pn\u0105 liter\u0119.<\/p>\n\n\n\n<p>Wymiary napis\u00f3w neonowych:<\/p>\n\n\n\n<ul class=\"wp-block-list\"><li>\u201cRestauracja\u201d &#8211; szeroko\u015b\u0107 1260 cm, wysoko\u015b\u0107 wi\u0119kszo\u015bci liter ok. 60-65 cm (wys. litery \u201cj\u201d &#8211; 90 cm)<\/li><li>\u201cJubilatka\u201d &#8211;&nbsp; szeroko\u015b\u0107 640 cm, wysoko\u015b\u0107 150 cm<\/li><\/ul>\n\n\n\n<p>Ca\u0142o\u015b\u0107 wykonana by\u0142a zgodnie ze zwyczajami i mo\u017cliwo\u015bciami technologicznymi dost\u0119pnymi p\u00f3\u0142 wieku temu.&nbsp;<\/p>\n\n\n\n<p>Rurki neonowe montowane by\u0142y na tzw. pe\u0142nych podk\u0142adach, czyli na literach blokowych (wykonanych z blachy ocynkowanej) zbudowanych z \u201cplec\u00f3w\u201d, bok\u00f3w i lica. Elektrody rurek neonowych ukryte by\u0142y w korpusach liter &#8211; elektrodowanie wykonane by\u0142o pod k\u0105tem 90 stopni.&nbsp;<\/p>\n\n\n\n<p>Blacha ocynkowana u\u017cyta do budowy liter nie jest zbyt gruba (ok. 0,7-0,8 mm) ale solidnie pokryta cynkiem, przez co nie jest zniszczona korozj\u0105 (praktycznie brak ognisk korozji). Natomiast korozji ulegaj\u0105 pozosta\u0142a stalowe elementy zespo\u0142u &#8211; konstrukcja dachowa i trafoszafki.<\/p>\n\n\n\n<p>Na podstawie numeru seryjnego z tabliczki znamionowej znajduj\u0105cej si\u0119 na skrzyni filtra przeciwzak\u0142\u00f3ceniowego (Ryc. ) z do\u015b\u0107 du\u017cym prawdopodobie\u0144stwem mo\u017cna okre\u015bli\u0107 rok monta\u017cu neonu na 1971.<\/p>\n\n\n\n<p><strong>Perspektywa konserwatorska<\/strong><\/p>\n\n\n\n<p>Zesp\u00f3\u0142 neon\u00f3w \u201cRestauracja Jubilatka\u201d jest bez w\u0105tpienia jednym z najwarto\u015bciowszych krakowskich neon\u00f3w, patrz\u0105c na warstw\u0119 historyczn\u0105 i artystyczn\u0105. Jest jednocze\u015bnie najlepiej zachowanym i najbardziej kompletnym neonem zabytkowym neonem w Krakowie.&nbsp;<\/p>\n\n\n\n<p>Nale\u017cy zwr\u00f3ci\u0107 uwag\u0119, \u017ce opr\u00f3cz dw\u00f3ch napis\u00f3w neonowych, zesp\u00f3\u0142 zawiera kompletn\u0105, cho\u0107 w przyczyn technicznych, oczywi\u015bcie nie nadaj\u0105c\u0105 si\u0119 do eksploatacji instalacj\u0119 elektryczn\u0105: oprzewodowanie 230V i wysokiego napi\u0119cia, trafoszafki z transformatorami rozproszeniowymi (Ryc. ), wy\u0142\u0105cznik awaryjny (na bocznej \u015bcianie budynku, zabudowany podtynkowo &#8211; Ryc. ), a nawet &#8211; co jest absolutnym unikatem &#8211; fabryczny filtr przeciwzak\u0142\u00f3ceniowy (Ryc. ). Elementy te warte s\u0105 zachowania, po odpowiednim zabezpieczeniu przed ich destrukcj\u0105.<\/p>\n\n\n\n<p>Ze wzgl\u0119du na du\u017c\u0105 warto\u015b\u0107 historyczn\u0105 i artystyczn\u0105 neonu ewentualne prace rekonstrukcyjne-konserwatorskie nale\u017cy wykona\u0107 uwzgl\u0119dniaj\u0105c &#8211; na ile to zasadne i mo\u017cliwe &#8211; warto\u015b\u0107 historyczn\u0105 neonu. Na warto\u015b\u0107 historyczn\u0105 neonu sk\u0142ada nie tylko oryginalna zachowana struktura neonu, ale r\u00f3wnie\u017c technologia produkcji rurek neonowych, ich monta\u017cu itp. &#8211;&nbsp; na ile pozwala obowi\u0105zuj\u0105cy normatyw i istniej\u0105ce materia\u0142y.&nbsp;<\/p>\n\n\n\n<p>Poniewa\u017c neon ugruntowa\u0142 si\u0119 ju\u017c w \u015bwiadomo\u015bci spo\u0142eczno\u015bci lokalnej, ale te\u017c szerzej &#8211; w\u015br\u00f3d mieszka\u0144c\u00f3w ca\u0142ego Krakowa, przed przyst\u0105pieniem do projektowania a p\u00f3\u017aniej wykonania renowacji, warto konsultowa\u0107 etapy i rozwi\u0105zania z zainteresowanymi.&nbsp;<\/p>\n\n\n\n<p>W szczeg\u00f3lno\u015bci mieszka\u0144cy lokalnej wsp\u00f3lnoty mieszkaniowej w trakcie wykonywania inwentaryzacji neonu wyra\u017cali swoje liczne uwagi na temat neonu, jego historii, a przede wszystkim sposobu jego funkcjonowania w przesz\u0142o\u015bci. Uwagi te mia\u0142y r\u00f3\u017cny charakter, od sympatii do sporych zastrze\u017ce\u0144. Wprawdzie neon nie jest ukierunkowany licem w stron\u0119 okien, tym niemniej, maj\u0105c na wzgl\u0119dzie, \u017ce neon zamontowany jest ok. 3 metry od elewacji z oknami, mieszka\u0144cy mieli w\u0105tpliwo\u015bci, czy mimo to \u015bwiat\u0142o nie b\u0119dzie w nocy wdziera\u0142o sie do mieszka\u0144. R\u00f3wnie\u017c wspomnienia uci\u0105\u017cliwo\u015bci ha\u0142asu generowanego przez stare transformatory rozproszeniowe (do tego montowane w skrzyniach, kt\u00f3re mog\u0142y dzia\u0142a\u0107 jak pud\u0142o rezonansowe\u201d) budz\u0105 sceptycyzm co do ewentualnej koncepcji za\u015bwiecenia neonu.&nbsp; <\/p>\n\n\n\n<p>Tym niemniej, szersza akcja informacyjna, a tak\u017ce opinie cz\u0119\u015bci mieszka\u0144c\u00f3w potwierdzaj\u0105ce \u015bwiadomo\u015b\u0107 wyj\u0105tkowo\u015bci neonu, jego historii, wspomnie\u0144 z nim zwi\u0105zanych, zbuduj\u0105 w\u0142a\u015bciwy dla restytucji neonu klimat. Tym bardziej, \u017ce podobne dzie\u0142a neonowe, mia\u0142y ju\u017c w Nowej Hucie miejsce (np. przywr\u00f3cenie neonu Markiza na Placu Centralnym, monta\u017c nowych neon\u00f3w w bezpo\u015brednim s\u0105siedztwie mieszka\u0144 &#8211; \u201cZgody 7\u201d na pawilonie os. Zgody 7, neon \u201cMuzeum\u201d na os. S\u0142onecznym).<\/p>\n\n\n\n<!--nextpage-->\n","protected":false},"excerpt":{"rendered":"<p>Krakowkie neony jak zjawisko z pogranicza in\u017cynierii, marketingu, historii sztuki, ma\u0142ej architektury i punktu orienacyjnegow miejskiej przestrzenii nie doczeka\u0142y si\u0119 do dzi\u015b syntetycznego opracowania. W krakowskiej prasie mo\u017cna odszuka\u0107 kikkadziesi\u0105 artyku\u0142\u00f3w kt\u00f3re mia\u0142y by charakter nieco g\u0142\u0119bszy ni\u017c &#8222;newsowy&#8221; tym &hellip; <a href=\"https:\/\/krakowskieneony.pl\/index.php\/historie-o-neonach\/\">Czytaj dalej <span class=\"meta-nav\">&rarr;<\/span><\/a><\/p>\n","protected":false},"author":1,"featured_media":0,"parent":0,"menu_order":1,"comment_status":"closed","ping_status":"closed","template":"","meta":{"_eb_attr":"","ngg_post_thumbnail":0,"footnotes":""},"class_list":["post-115","page","type-page","status-publish","hentry"],"_links":{"self":[{"href":"https:\/\/krakowskieneony.pl\/index.php\/wp-json\/wp\/v2\/pages\/115","targetHints":{"allow":["GET"]}}],"collection":[{"href":"https:\/\/krakowskieneony.pl\/index.php\/wp-json\/wp\/v2\/pages"}],"about":[{"href":"https:\/\/krakowskieneony.pl\/index.php\/wp-json\/wp\/v2\/types\/page"}],"author":[{"embeddable":true,"href":"https:\/\/krakowskieneony.pl\/index.php\/wp-json\/wp\/v2\/users\/1"}],"replies":[{"embeddable":true,"href":"https:\/\/krakowskieneony.pl\/index.php\/wp-json\/wp\/v2\/comments?post=115"}],"version-history":[{"count":24,"href":"https:\/\/krakowskieneony.pl\/index.php\/wp-json\/wp\/v2\/pages\/115\/revisions"}],"predecessor-version":[{"id":244,"href":"https:\/\/krakowskieneony.pl\/index.php\/wp-json\/wp\/v2\/pages\/115\/revisions\/244"}],"wp:attachment":[{"href":"https:\/\/krakowskieneony.pl\/index.php\/wp-json\/wp\/v2\/media?parent=115"}],"curies":[{"name":"wp","href":"https:\/\/api.w.org\/{rel}","templated":true}]}}